{"id":229,"date":"2016-10-05T12:25:47","date_gmt":"2016-10-05T12:25:47","guid":{"rendered":"https:\/\/alimentecweb.com\/2022\/?page_id=229"},"modified":"2022-04-08T10:51:54","modified_gmt":"2022-04-08T13:51:54","slug":"nosotros","status":"publish","type":"page","link":"https:\/\/alimentecweb.com\/?page_id=229","title":{"rendered":"Nosotros"},"content":{"rendered":"<p>[vc_row full_width=&#8221;stretch_row&#8221; inverse=&#8221;&#8221; css=&#8221;.vc_custom_1645185310332{background-position: 0 0 !important;background-repeat: repeat !important;}&#8221;][vc_column css=&#8221;.vc_custom_1475831823761{margin-bottom: 0.7rem !important;}&#8221;][vc_single_image image=&#8221;1336&#8243; img_size=&#8221;full&#8221; alignment=&#8221;center&#8221; css=&#8221;.vc_custom_1649425909509{margin-top: 40px !important;margin-bottom: -20px !important;}&#8221;]<div class=\"sc_section margin_top_large- margin_bottom_tiny- section_style_original_smallmargin\"><div class=\"sc_section_inner\"><h6 class=\"sc_section_subtitle sc_item_subtitle\">Alimentec<\/h6><h4 class=\"sc_section_title sc_item_title sc_item_title_without_descr\">Nuestra historia<\/h4><div class=\"sc_section_content_wrap\"><\/div><\/div><\/div>[vc_column_text css=&#8221;.vc_custom_1646344558051{margin-bottom: 50px !important;}&#8221;]Desde su origen, ha marcado un sostenido progreso y se ha posicionado como una de las grandes empresas provinciales dedicadas al proceso industrial alimenticio, sin dejar de lado procedimientos \u00fanicos y caracter\u00edsticos, llevando sus productos a todo el NOA y NEA, adem\u00e1s de proyectarse hacia todo el pa\u00eds.<\/p>\n<p>La marca sa ha ubicado en una posici\u00f3n l\u00edder en la producci\u00f3n relacionada con cereales y semillas de girasol de confiter\u00eda, productos agroalimentarios de gran riqueza en la Argentina, abasteciendo a clientes en canales de ventas mayoristas y distribuidores. La Calesita es, adem\u00e1s, referente y l\u00edder en el mercado con su amplia gama de productos teniendo la posibilidad de ofrecer distintas alternativas en peso y tama\u00f1o cada uno.<\/p>\n<p>La inversi\u00f3n cont\u00ednua en nuevas tecnolog\u00edas industriales y el aumento de la capacidad de producci\u00f3n, han permitido a La Calesita, lograr una alta eficiencia de procesamiento y est\u00e1ndares m\u00e1ximos de calidad. Desde su planta ubicada en el Parque Industrial Salta, procesa y despacha productos a los m\u00e1s exigentes mercados teniendo como premisa principal lo delicioso y lo nutritivo.<\/p>\n<p>Estas mismas premisas y objetivos se traducen en una nueva marca: AlimenTec, por medio de la cual se buscar\u00e1 la llegada de productos innovadores y de excelente calidad a nuevos consumidores, el p\u00fablico familiar.[\/vc_column_text][\/vc_column][\/vc_row]<\/p>\n","protected":false},"excerpt":{"rendered":"<p>[vc_row full_width=&#8221;stretch_row&#8221; inverse=&#8221;&#8221; css=&#8221;.vc_custom_1645185310332{background-position: 0 0 !important;background-repeat: repeat !important;}&#8221;][vc_column css=&#8221;.vc_custom_1475831823761{margin-bottom: 0.7rem !important;}&#8221;][vc_single_image image=&#8221;1336&#8243; img_size=&#8221;full&#8221; alignment=&#8221;center&#8221; css=&#8221;.vc_custom_1649425909509{margin-top: 40px !important;margin-bottom: -20px !important;}&#8221;][vc_column_text css=&#8221;.vc_custom_1646344558051{margin-bottom: 50px !important;}&#8221;]Desde su origen, ha marcado un sostenido progreso [&hellip;]<\/p>\n","protected":false},"author":1,"featured_media":0,"parent":0,"menu_order":0,"comment_status":"closed","ping_status":"closed","template":"","meta":{"_joinchat":[],"footnotes":""},"class_list":["post-229","page","type-page","status-publish","hentry"],"_links":{"self":[{"href":"https:\/\/alimentecweb.com\/index.php?rest_route=\/wp\/v2\/pages\/229","targetHints":{"allow":["GET"]}}],"collection":[{"href":"https:\/\/alimentecweb.com\/index.php?rest_route=\/wp\/v2\/pages"}],"about":[{"href":"https:\/\/alimentecweb.com\/index.php?rest_route=\/wp\/v2\/types\/page"}],"author":[{"embeddable":true,"href":"https:\/\/alimentecweb.com\/index.php?rest_route=\/wp\/v2\/users\/1"}],"replies":[{"embeddable":true,"href":"https:\/\/alimentecweb.com\/index.php?rest_route=%2Fwp%2Fv2%2Fcomments&post=229"}],"version-history":[{"count":51,"href":"https:\/\/alimentecweb.com\/index.php?rest_route=\/wp\/v2\/pages\/229\/revisions"}],"predecessor-version":[{"id":1307,"href":"https:\/\/alimentecweb.com\/index.php?rest_route=\/wp\/v2\/pages\/229\/revisions\/1307"}],"wp:attachment":[{"href":"https:\/\/alimentecweb.com\/index.php?rest_route=%2Fwp%2Fv2%2Fmedia&parent=229"}],"curies":[{"name":"wp","href":"https:\/\/api.w.org\/{rel}","templated":true}]}}